{"id":55,"date":"2025-02-28T14:30:37","date_gmt":"2025-02-28T14:30:37","guid":{"rendered":"https:\/\/sistemadiftemixco.gob.mx\/?page_id=55"},"modified":"2025-05-26T21:03:34","modified_gmt":"2025-05-26T21:03:34","slug":"comisaria","status":"publish","type":"page","link":"https:\/\/sistemadiftemixco.gob.mx\/?page_id=55","title":{"rendered":"Comisar\u00eda"},"content":{"rendered":"\t\t<div data-elementor-type=\"wp-page\" data-elementor-id=\"55\" class=\"elementor elementor-55\">\n\t\t\t\t<div class=\"elementor-element elementor-element-9d404a7 e-flex e-con-boxed e-con e-parent\" data-id=\"9d404a7\" data-element_type=\"container\" data-e-type=\"container\">\n\t\t\t\t\t<div class=\"e-con-inner\">\n\t\t\t\t\t<\/div>\n\t\t\t\t<\/div>\n\t\t<div class=\"elementor-element elementor-element-00bc3c5 e-flex e-con-boxed e-con e-parent\" data-id=\"00bc3c5\" data-element_type=\"container\" data-e-type=\"container\">\n\t\t\t\t\t<div class=\"e-con-inner\">\n\t\t\t\t<div class=\"elementor-element elementor-element-f7fd4b5 elementor-widget elementor-widget-heading\" data-id=\"f7fd4b5\" data-element_type=\"widget\" data-e-type=\"widget\" data-widget_type=\"heading.default\">\n\t\t\t\t<div class=\"elementor-widget-container\">\n\t\t\t\t\t<h2 class=\"elementor-heading-title elementor-size-default\">Comisar\u00eda<\/h2>\t\t\t\t<\/div>\n\t\t\t\t<\/div>\n\t\t\t\t<div class=\"elementor-element elementor-element-43ac635 elementor-widget elementor-widget-text-editor\" data-id=\"43ac635\" data-element_type=\"widget\" data-e-type=\"widget\" data-widget_type=\"text-editor.default\">\n\t\t\t\t<div class=\"elementor-widget-container\">\n\t\t\t\t\t\t\t\t\t<p>\u00d3rgano Interno de Control responsable de investigar y perseguir delitos cometidos por servidores p\u00fablicos de la Instituci\u00f3n.<\/p>\t\t\t\t\t\t\t\t<\/div>\n\t\t\t\t<\/div>\n\t\t\t\t<div class=\"elementor-element elementor-element-d775a1d elementor-button-danger elementor-widget elementor-widget-button\" data-id=\"d775a1d\" data-element_type=\"widget\" data-e-type=\"widget\" data-widget_type=\"button.default\">\n\t\t\t\t<div class=\"elementor-widget-container\">\n\t\t\t\t\t\t\t\t\t<div class=\"elementor-button-wrapper\">\n\t\t\t\t\t<a class=\"elementor-button elementor-button-link elementor-size-sm\" href=\"mailto:jef.inv.aud.diftemixco2025@gmail.com\">\n\t\t\t\t\t\t<span class=\"elementor-button-content-wrapper\">\n\t\t\t\t\t\t<span class=\"elementor-button-icon\">\n\t\t\t\t<svg aria-hidden=\"true\" class=\"e-font-icon-svg e-fas-mail-bulk\" viewBox=\"0 0 576 512\" xmlns=\"http:\/\/www.w3.org\/2000\/svg\"><path d=\"M160 448c-25.6 0-51.2-22.4-64-32-64-44.8-83.2-60.8-96-70.4V480c0 17.67 14.33 32 32 32h256c17.67 0 32-14.33 32-32V345.6c-12.8 9.6-32 25.6-96 70.4-12.8 9.6-38.4 32-64 32zm128-192H32c-17.67 0-32 14.33-32 32v16c25.6 19.2 22.4 19.2 115.2 86.4 9.6 6.4 28.8 25.6 44.8 25.6s35.2-19.2 44.8-22.4c92.8-67.2 89.6-67.2 115.2-86.4V288c0-17.67-14.33-32-32-32zm256-96H224c-17.67 0-32 14.33-32 32v32h96c33.21 0 60.59 25.42 63.71 57.82l.29-.22V416h192c17.67 0 32-14.33 32-32V192c0-17.67-14.33-32-32-32zm-32 128h-64v-64h64v64zm-352-96c0-35.29 28.71-64 64-64h224V32c0-17.67-14.33-32-32-32H96C78.33 0 64 14.33 64 32v192h96v-32z\"><\/path><\/svg>\t\t\t<\/span>\n\t\t\t\t\t\t\t\t\t<span class=\"elementor-button-text\">Envia Tu Queja Aqu\u00ed<\/span>\n\t\t\t\t\t<\/span>\n\t\t\t\t\t<\/a>\n\t\t\t\t<\/div>\n\t\t\t\t\t\t\t\t<\/div>\n\t\t\t\t<\/div>\n\t\t\t\t\t<\/div>\n\t\t\t\t<\/div>\n\t\t<div class=\"elementor-element elementor-element-2b10923 e-flex e-con-boxed e-con e-parent\" data-id=\"2b10923\" data-element_type=\"container\" data-e-type=\"container\">\n\t\t\t\t\t<div class=\"e-con-inner\">\n\t\t\t\t\t<\/div>\n\t\t\t\t<\/div>\n\t\t\t\t<\/div>\n\t\t","protected":false},"excerpt":{"rendered":"<p>Comisar\u00eda \u00d3rgano Interno de Control responsable de investigar y perseguir delitos cometidos por servidores p\u00fablicos de la Instituci\u00f3n. Envia Tu Queja Aqu\u00ed<\/p>\n","protected":false},"author":1,"featured_media":0,"parent":0,"menu_order":0,"comment_status":"closed","ping_status":"closed","template":"","meta":{"footnotes":""},"class_list":["post-55","page","type-page","status-publish","hentry"],"yoast_head":"<!-- This site is optimized with the Yoast SEO plugin v27.4 - https:\/\/yoast.com\/product\/yoast-seo-wordpress\/ -->\n<title>Comisar\u00eda - Sistema DIF Temixco<\/title>\n<meta name=\"robots\" content=\"index, follow, max-snippet:-1, max-image-preview:large, max-video-preview:-1\" \/>\n<link rel=\"canonical\" href=\"https:\/\/sistemadiftemixco.gob.mx\/?page_id=55\" \/>\n<meta property=\"og:locale\" content=\"es_ES\" \/>\n<meta property=\"og:type\" content=\"article\" \/>\n<meta property=\"og:title\" content=\"Comisar\u00eda - Sistema DIF Temixco\" \/>\n<meta property=\"og:description\" content=\"Comisar\u00eda \u00d3rgano Interno de Control responsable de investigar y perseguir delitos cometidos por servidores p\u00fablicos de la Instituci\u00f3n. Envia Tu Queja Aqu\u00ed\" \/>\n<meta property=\"og:url\" content=\"https:\/\/sistemadiftemixco.gob.mx\/?page_id=55\" \/>\n<meta property=\"og:site_name\" content=\"Sistema DIF Temixco\" \/>\n<meta property=\"article:modified_time\" content=\"2025-05-26T21:03:34+00:00\" \/>\n<meta name=\"twitter:card\" content=\"summary_large_image\" \/>\n<meta name=\"twitter:label1\" content=\"Tiempo de lectura\" \/>\n\t<meta name=\"twitter:data1\" content=\"1 minuto\" \/>\n<script type=\"application\/ld+json\" class=\"yoast-schema-graph\">{\"@context\":\"https:\\\/\\\/schema.org\",\"@graph\":[{\"@type\":\"WebPage\",\"@id\":\"https:\\\/\\\/sistemadiftemixco.gob.mx\\\/?page_id=55\",\"url\":\"https:\\\/\\\/sistemadiftemixco.gob.mx\\\/?page_id=55\",\"name\":\"Comisar\u00eda - Sistema DIF Temixco\",\"isPartOf\":{\"@id\":\"https:\\\/\\\/sistemadiftemixco.gob.mx\\\/#website\"},\"datePublished\":\"2025-02-28T14:30:37+00:00\",\"dateModified\":\"2025-05-26T21:03:34+00:00\",\"breadcrumb\":{\"@id\":\"https:\\\/\\\/sistemadiftemixco.gob.mx\\\/?page_id=55#breadcrumb\"},\"inLanguage\":\"es\",\"potentialAction\":[{\"@type\":\"ReadAction\",\"target\":[\"https:\\\/\\\/sistemadiftemixco.gob.mx\\\/?page_id=55\"]}]},{\"@type\":\"BreadcrumbList\",\"@id\":\"https:\\\/\\\/sistemadiftemixco.gob.mx\\\/?page_id=55#breadcrumb\",\"itemListElement\":[{\"@type\":\"ListItem\",\"position\":1,\"name\":\"Portada\",\"item\":\"https:\\\/\\\/sistemadiftemixco.gob.mx\\\/\"},{\"@type\":\"ListItem\",\"position\":2,\"name\":\"Comisar\u00eda\"}]},{\"@type\":\"WebSite\",\"@id\":\"https:\\\/\\\/sistemadiftemixco.gob.mx\\\/#website\",\"url\":\"https:\\\/\\\/sistemadiftemixco.gob.mx\\\/\",\"name\":\"Sistema DIF Temixco\",\"description\":\"Sistema Municipal para el Desarrollo Integral de la Familia de Temixco, Morelos.\",\"publisher\":{\"@id\":\"https:\\\/\\\/sistemadiftemixco.gob.mx\\\/#organization\"},\"potentialAction\":[{\"@type\":\"SearchAction\",\"target\":{\"@type\":\"EntryPoint\",\"urlTemplate\":\"https:\\\/\\\/sistemadiftemixco.gob.mx\\\/?s={search_term_string}\"},\"query-input\":{\"@type\":\"PropertyValueSpecification\",\"valueRequired\":true,\"valueName\":\"search_term_string\"}}],\"inLanguage\":\"es\"},{\"@type\":\"Organization\",\"@id\":\"https:\\\/\\\/sistemadiftemixco.gob.mx\\\/#organization\",\"name\":\"Sistema DIF Temixco\",\"url\":\"https:\\\/\\\/sistemadiftemixco.gob.mx\\\/\",\"logo\":{\"@type\":\"ImageObject\",\"inLanguage\":\"es\",\"@id\":\"https:\\\/\\\/sistemadiftemixco.gob.mx\\\/#\\\/schema\\\/logo\\\/image\\\/\",\"url\":\"https:\\\/\\\/sistemadiftemixco.gob.mx\\\/wp-content\\\/uploads\\\/2025\\\/02\\\/LOGO-DIF-TEMIXCO-HORIZONTAL-1-e1740751977120.png\",\"contentUrl\":\"https:\\\/\\\/sistemadiftemixco.gob.mx\\\/wp-content\\\/uploads\\\/2025\\\/02\\\/LOGO-DIF-TEMIXCO-HORIZONTAL-1-e1740751977120.png\",\"width\":150,\"height\":151,\"caption\":\"Sistema DIF Temixco\"},\"image\":{\"@id\":\"https:\\\/\\\/sistemadiftemixco.gob.mx\\\/#\\\/schema\\\/logo\\\/image\\\/\"}}]}<\/script>\n<!-- \/ Yoast SEO plugin. -->","yoast_head_json":{"title":"Comisar\u00eda - Sistema DIF Temixco","robots":{"index":"index","follow":"follow","max-snippet":"max-snippet:-1","max-image-preview":"max-image-preview:large","max-video-preview":"max-video-preview:-1"},"canonical":"https:\/\/sistemadiftemixco.gob.mx\/?page_id=55","og_locale":"es_ES","og_type":"article","og_title":"Comisar\u00eda - Sistema DIF Temixco","og_description":"Comisar\u00eda \u00d3rgano Interno de Control responsable de investigar y perseguir delitos cometidos por servidores p\u00fablicos de la Instituci\u00f3n. Envia Tu Queja Aqu\u00ed","og_url":"https:\/\/sistemadiftemixco.gob.mx\/?page_id=55","og_site_name":"Sistema DIF Temixco","article_modified_time":"2025-05-26T21:03:34+00:00","twitter_card":"summary_large_image","twitter_misc":{"Tiempo de lectura":"1 minuto"},"schema":{"@context":"https:\/\/schema.org","@graph":[{"@type":"WebPage","@id":"https:\/\/sistemadiftemixco.gob.mx\/?page_id=55","url":"https:\/\/sistemadiftemixco.gob.mx\/?page_id=55","name":"Comisar\u00eda - Sistema DIF Temixco","isPartOf":{"@id":"https:\/\/sistemadiftemixco.gob.mx\/#website"},"datePublished":"2025-02-28T14:30:37+00:00","dateModified":"2025-05-26T21:03:34+00:00","breadcrumb":{"@id":"https:\/\/sistemadiftemixco.gob.mx\/?page_id=55#breadcrumb"},"inLanguage":"es","potentialAction":[{"@type":"ReadAction","target":["https:\/\/sistemadiftemixco.gob.mx\/?page_id=55"]}]},{"@type":"BreadcrumbList","@id":"https:\/\/sistemadiftemixco.gob.mx\/?page_id=55#breadcrumb","itemListElement":[{"@type":"ListItem","position":1,"name":"Portada","item":"https:\/\/sistemadiftemixco.gob.mx\/"},{"@type":"ListItem","position":2,"name":"Comisar\u00eda"}]},{"@type":"WebSite","@id":"https:\/\/sistemadiftemixco.gob.mx\/#website","url":"https:\/\/sistemadiftemixco.gob.mx\/","name":"Sistema DIF Temixco","description":"Sistema Municipal para el Desarrollo Integral de la Familia de Temixco, Morelos.","publisher":{"@id":"https:\/\/sistemadiftemixco.gob.mx\/#organization"},"potentialAction":[{"@type":"SearchAction","target":{"@type":"EntryPoint","urlTemplate":"https:\/\/sistemadiftemixco.gob.mx\/?s={search_term_string}"},"query-input":{"@type":"PropertyValueSpecification","valueRequired":true,"valueName":"search_term_string"}}],"inLanguage":"es"},{"@type":"Organization","@id":"https:\/\/sistemadiftemixco.gob.mx\/#organization","name":"Sistema DIF Temixco","url":"https:\/\/sistemadiftemixco.gob.mx\/","logo":{"@type":"ImageObject","inLanguage":"es","@id":"https:\/\/sistemadiftemixco.gob.mx\/#\/schema\/logo\/image\/","url":"https:\/\/sistemadiftemixco.gob.mx\/wp-content\/uploads\/2025\/02\/LOGO-DIF-TEMIXCO-HORIZONTAL-1-e1740751977120.png","contentUrl":"https:\/\/sistemadiftemixco.gob.mx\/wp-content\/uploads\/2025\/02\/LOGO-DIF-TEMIXCO-HORIZONTAL-1-e1740751977120.png","width":150,"height":151,"caption":"Sistema DIF Temixco"},"image":{"@id":"https:\/\/sistemadiftemixco.gob.mx\/#\/schema\/logo\/image\/"}}]}},"_links":{"self":[{"href":"https:\/\/sistemadiftemixco.gob.mx\/index.php?rest_route=\/wp\/v2\/pages\/55","targetHints":{"allow":["GET"]}}],"collection":[{"href":"https:\/\/sistemadiftemixco.gob.mx\/index.php?rest_route=\/wp\/v2\/pages"}],"about":[{"href":"https:\/\/sistemadiftemixco.gob.mx\/index.php?rest_route=\/wp\/v2\/types\/page"}],"author":[{"embeddable":true,"href":"https:\/\/sistemadiftemixco.gob.mx\/index.php?rest_route=\/wp\/v2\/users\/1"}],"replies":[{"embeddable":true,"href":"https:\/\/sistemadiftemixco.gob.mx\/index.php?rest_route=%2Fwp%2Fv2%2Fcomments&post=55"}],"version-history":[{"count":22,"href":"https:\/\/sistemadiftemixco.gob.mx\/index.php?rest_route=\/wp\/v2\/pages\/55\/revisions"}],"predecessor-version":[{"id":667,"href":"https:\/\/sistemadiftemixco.gob.mx\/index.php?rest_route=\/wp\/v2\/pages\/55\/revisions\/667"}],"wp:attachment":[{"href":"https:\/\/sistemadiftemixco.gob.mx\/index.php?rest_route=%2Fwp%2Fv2%2Fmedia&parent=55"}],"curies":[{"name":"wp","href":"https:\/\/api.w.org\/{rel}","templated":true}]}}