{"id":28,"date":"2025-02-28T08:40:18","date_gmt":"2025-02-28T08:40:18","guid":{"rendered":"https:\/\/sistemadiftemixco.gob.mx\/?page_id=28"},"modified":"2025-10-27T20:09:28","modified_gmt":"2025-10-27T20:09:28","slug":"contacto","status":"publish","type":"page","link":"https:\/\/sistemadiftemixco.gob.mx\/?page_id=28","title":{"rendered":"Contacto"},"content":{"rendered":"\t\t<div data-elementor-type=\"wp-page\" data-elementor-id=\"28\" class=\"elementor elementor-28\">\n\t\t\t\t<div class=\"elementor-element elementor-element-478f1e2 e-flex e-con-boxed e-con e-parent\" data-id=\"478f1e2\" data-element_type=\"container\" data-e-type=\"container\">\n\t\t\t\t\t<div class=\"e-con-inner\">\n\t\t\t\t<div class=\"elementor-element elementor-element-f44c001 elementor-widget elementor-widget-text-editor\" data-id=\"f44c001\" data-element_type=\"widget\" data-e-type=\"widget\" data-widget_type=\"text-editor.default\">\n\t\t\t\t<div class=\"elementor-widget-container\">\n\t\t\t\t\t\t\t\t\t<h1><em><span style=\"color: #008080;\"><strong>DIRECTORIO B\u00c1SICO DIF TEMIXCO<\/strong><\/span><\/em><\/h1><p><span style=\"color: #008080;\"><strong><a style=\"color: #008080;\" href=\"https:\/\/www.google.com\/maps\/place\/Temixco,+Mor.\/@18.8355681,-99.2393758,3a,75y,0.65h,90t\/data=!3m7!1e1!3m5!1sia0BFbTuw276xyKeX7FjJQ!2e0!6shttps:%2F%2Fstreetviewpixels-pa.googleapis.com%2Fv1%2Fthumbnail%3Fcb_client%3Dmaps_sv.tactile%26w%3D900%26h%3D600%26pitch%3D0%26panoid%3Dia0BFbTuw276xyKeX7FjJQ%26yaw%3D0.650545!7i16384!8i8192!4m6!3m5!1s0x85cdd920f5e0371b:0xce69be2083abed2d!8m2!3d18.8593026!4d-99.2393666!16zL20vMDM2a3g0?entry=ttu&amp;g_ep=EgoyMDI1MDUwNS4wIKXMDSoASAFQAw%3D%3D\">Unidad B\u00e1sica de Rehabilitaci\u00f3n UBR<\/a><br \/><\/strong>Av. Salvador Allende s\/n Col Rub\u00e9n Jaramillo.<\/span><br \/><span style=\"color: #008080;\">Tel: 7779932571 &#8211; 7779932551<\/span><\/p><p><span style=\"color: #008080;\"><strong><a style=\"color: #008080;\" href=\"https:\/\/www.google.com\/maps\/place\/Temixco,+Mor.\/@18.8452845,-99.234704,3a,75y,198.17h,89.46t\/data=!3m7!1e1!3m5!1sRqXapglIVei5VRRCkLZ4HQ!2e0!6shttps:%2F%2Fstreetviewpixels-pa.googleapis.com%2Fv1%2Fthumbnail%3Fcb_client%3Dmaps_sv.tactile%26w%3D900%26h%3D600%26pitch%3D0.5385556257211022%26panoid%3DRqXapglIVei5VRRCkLZ4HQ%26yaw%3D198.16776157334533!7i16384!8i8192!4m6!3m5!1s0x85cdd920f5e0371b:0xce69be2083abed2d!8m2!3d18.8593026!4d-99.2393666!16zL20vMDM2a3g0?entry=ttu&amp;g_ep=EgoyMDI1MDUwNS4wIKXMDSoASAFQAw%3D%3D\">Dispensario M\u00e9dico Azteca<\/a><br \/><\/strong>Manuel \u00c1vila Camacho 6 Col. Azteca.<\/span><br \/><span style=\"color: #008080;\">Tel: 7777563796<\/span><\/p><p><span style=\"color: #008080;\"><strong><a style=\"color: #008080;\" href=\"https:\/\/www.google.com\/maps\/place\/Temixco,+Mor.\/@18.8490904,-99.2248978,3a,75y,85.4h,90t\/data=!3m7!1e1!3m5!1sFd3udvJFhgt1dArjy7eTDQ!2e0!6shttps:%2F%2Fstreetviewpixels-pa.googleapis.com%2Fv1%2Fthumbnail%3Fcb_client%3Dmaps_sv.tactile%26w%3D900%26h%3D600%26pitch%3D0%26panoid%3DFd3udvJFhgt1dArjy7eTDQ%26yaw%3D85.40218!7i16384!8i8192!4m6!3m5!1s0x85cdd920f5e0371b:0xce69be2083abed2d!8m2!3d18.8593026!4d-99.2393666!16zL20vMDM2a3g0?entry=ttu&amp;g_ep=EgoyMDI1MDUwNS4wIKXMDSoASAFQAw%3D%3D\">Sistema DIF Temixco<\/a><br \/><\/strong>Francisco I. Madero esquina Venustiano Carranza<\/span><br \/><span style=\"color: #008080;\">Plaza Solidaridad Tel: 7779002225<\/span><\/p><p><span style=\"color: #008080;\"><strong><a style=\"color: #008080;\" href=\"https:\/\/www.google.com\/maps\/place\/Temixco,+Mor.\/@18.8490904,-99.2248978,3a,75y,85.4h,90t\/data=!3m7!1e1!3m5!1sFd3udvJFhgt1dArjy7eTDQ!2e0!6shttps:%2F%2Fstreetviewpixels-pa.googleapis.com%2Fv1%2Fthumbnail%3Fcb_client%3Dmaps_sv.tactile%26w%3D900%26h%3D600%26pitch%3D0%26panoid%3DFd3udvJFhgt1dArjy7eTDQ%26yaw%3D85.40218!7i16384!8i8192!4m6!3m5!1s0x85cdd920f5e0371b:0xce69be2083abed2d!8m2!3d18.8593026!4d-99.2393666!16zL20vMDM2a3g0?entry=ttu&amp;g_ep=EgoyMDI1MDUwNS4wIKXMDSoASAFQAw%3D%3D\">Procuradur\u00eda de Protecci\u00f3n de Ni\u00f1as, Ni\u00f1os y Adolescentes<\/a><br \/><\/strong>Francisco I. Madero esquina Venustiano Carranza<br \/>Plaza Solidaridad Tel: 7779002225<br \/><\/span><\/p>\t\t\t\t\t\t\t\t<\/div>\n\t\t\t\t<\/div>\n\t\t\t\t\t<\/div>\n\t\t\t\t<\/div>\n\t\t<div class=\"elementor-element elementor-element-e7b2c02 e-con-full e-flex e-con e-parent\" data-id=\"e7b2c02\" data-element_type=\"container\" data-e-type=\"container\">\n\t\t\t\t<div class=\"elementor-element elementor-element-6e1c415 elementor-widget elementor-widget-rating\" data-id=\"6e1c415\" data-element_type=\"widget\" data-e-type=\"widget\" data-widget_type=\"rating.default\">\n\t\t\t\t<div class=\"elementor-widget-container\">\n\t\t\t\t\t\t\t<div class=\"e-rating\" itemtype=\"https:\/\/schema.org\/Rating\" itemscope=\"\" itemprop=\"reviewRating\">\n\t\t\t<meta itemprop=\"worstRating\" content=\"0\">\n\t\t\t<meta itemprop=\"bestRating\" content=\"5\">\n\t\t\t<div class=\"e-rating-wrapper\" itemprop=\"ratingValue\" content=\"5\" role=\"img\" aria-label=\"Valorado con 5 de 5\">\n\t\t\t\t\t\t\t<div class=\"e-icon\">\n\t\t\t\t<div class=\"e-icon-wrapper e-icon-marked\">\n\t\t\t\t\t<svg aria-hidden=\"true\" class=\"e-font-icon-svg e-eicon-star\" viewBox=\"0 0 1000 1000\" xmlns=\"http:\/\/www.w3.org\/2000\/svg\"><path d=\"M450 75L338 312 88 350C46 354 25 417 58 450L238 633 196 896C188 942 238 975 275 954L500 837 725 954C767 975 813 942 804 896L763 633 942 450C975 417 954 358 913 350L663 312 550 75C529 33 471 33 450 75Z\"><\/path><\/svg>\t\t\t\t<\/div>\n\t\t\t\t<div class=\"e-icon-wrapper e-icon-unmarked\">\n\t\t\t\t\t<svg aria-hidden=\"true\" class=\"e-font-icon-svg e-eicon-star\" viewBox=\"0 0 1000 1000\" xmlns=\"http:\/\/www.w3.org\/2000\/svg\"><path d=\"M450 75L338 312 88 350C46 354 25 417 58 450L238 633 196 896C188 942 238 975 275 954L500 837 725 954C767 975 813 942 804 896L763 633 942 450C975 417 954 358 913 350L663 312 550 75C529 33 471 33 450 75Z\"><\/path><\/svg>\t\t\t\t<\/div>\n\t\t\t<\/div>\n\t\t\t\t\t\t<div class=\"e-icon\">\n\t\t\t\t<div class=\"e-icon-wrapper e-icon-marked\">\n\t\t\t\t\t<svg aria-hidden=\"true\" class=\"e-font-icon-svg e-eicon-star\" viewBox=\"0 0 1000 1000\" xmlns=\"http:\/\/www.w3.org\/2000\/svg\"><path d=\"M450 75L338 312 88 350C46 354 25 417 58 450L238 633 196 896C188 942 238 975 275 954L500 837 725 954C767 975 813 942 804 896L763 633 942 450C975 417 954 358 913 350L663 312 550 75C529 33 471 33 450 75Z\"><\/path><\/svg>\t\t\t\t<\/div>\n\t\t\t\t<div class=\"e-icon-wrapper e-icon-unmarked\">\n\t\t\t\t\t<svg aria-hidden=\"true\" class=\"e-font-icon-svg e-eicon-star\" viewBox=\"0 0 1000 1000\" xmlns=\"http:\/\/www.w3.org\/2000\/svg\"><path d=\"M450 75L338 312 88 350C46 354 25 417 58 450L238 633 196 896C188 942 238 975 275 954L500 837 725 954C767 975 813 942 804 896L763 633 942 450C975 417 954 358 913 350L663 312 550 75C529 33 471 33 450 75Z\"><\/path><\/svg>\t\t\t\t<\/div>\n\t\t\t<\/div>\n\t\t\t\t\t\t<div class=\"e-icon\">\n\t\t\t\t<div class=\"e-icon-wrapper e-icon-marked\">\n\t\t\t\t\t<svg aria-hidden=\"true\" class=\"e-font-icon-svg e-eicon-star\" viewBox=\"0 0 1000 1000\" xmlns=\"http:\/\/www.w3.org\/2000\/svg\"><path d=\"M450 75L338 312 88 350C46 354 25 417 58 450L238 633 196 896C188 942 238 975 275 954L500 837 725 954C767 975 813 942 804 896L763 633 942 450C975 417 954 358 913 350L663 312 550 75C529 33 471 33 450 75Z\"><\/path><\/svg>\t\t\t\t<\/div>\n\t\t\t\t<div class=\"e-icon-wrapper e-icon-unmarked\">\n\t\t\t\t\t<svg aria-hidden=\"true\" class=\"e-font-icon-svg e-eicon-star\" viewBox=\"0 0 1000 1000\" xmlns=\"http:\/\/www.w3.org\/2000\/svg\"><path d=\"M450 75L338 312 88 350C46 354 25 417 58 450L238 633 196 896C188 942 238 975 275 954L500 837 725 954C767 975 813 942 804 896L763 633 942 450C975 417 954 358 913 350L663 312 550 75C529 33 471 33 450 75Z\"><\/path><\/svg>\t\t\t\t<\/div>\n\t\t\t<\/div>\n\t\t\t\t\t\t<div class=\"e-icon\">\n\t\t\t\t<div class=\"e-icon-wrapper e-icon-marked\">\n\t\t\t\t\t<svg aria-hidden=\"true\" class=\"e-font-icon-svg e-eicon-star\" viewBox=\"0 0 1000 1000\" xmlns=\"http:\/\/www.w3.org\/2000\/svg\"><path d=\"M450 75L338 312 88 350C46 354 25 417 58 450L238 633 196 896C188 942 238 975 275 954L500 837 725 954C767 975 813 942 804 896L763 633 942 450C975 417 954 358 913 350L663 312 550 75C529 33 471 33 450 75Z\"><\/path><\/svg>\t\t\t\t<\/div>\n\t\t\t\t<div class=\"e-icon-wrapper e-icon-unmarked\">\n\t\t\t\t\t<svg aria-hidden=\"true\" class=\"e-font-icon-svg e-eicon-star\" viewBox=\"0 0 1000 1000\" xmlns=\"http:\/\/www.w3.org\/2000\/svg\"><path d=\"M450 75L338 312 88 350C46 354 25 417 58 450L238 633 196 896C188 942 238 975 275 954L500 837 725 954C767 975 813 942 804 896L763 633 942 450C975 417 954 358 913 350L663 312 550 75C529 33 471 33 450 75Z\"><\/path><\/svg>\t\t\t\t<\/div>\n\t\t\t<\/div>\n\t\t\t\t\t\t<div class=\"e-icon\">\n\t\t\t\t<div class=\"e-icon-wrapper e-icon-marked\">\n\t\t\t\t\t<svg aria-hidden=\"true\" class=\"e-font-icon-svg e-eicon-star\" viewBox=\"0 0 1000 1000\" xmlns=\"http:\/\/www.w3.org\/2000\/svg\"><path d=\"M450 75L338 312 88 350C46 354 25 417 58 450L238 633 196 896C188 942 238 975 275 954L500 837 725 954C767 975 813 942 804 896L763 633 942 450C975 417 954 358 913 350L663 312 550 75C529 33 471 33 450 75Z\"><\/path><\/svg>\t\t\t\t<\/div>\n\t\t\t\t<div class=\"e-icon-wrapper e-icon-unmarked\">\n\t\t\t\t\t<svg aria-hidden=\"true\" class=\"e-font-icon-svg e-eicon-star\" viewBox=\"0 0 1000 1000\" xmlns=\"http:\/\/www.w3.org\/2000\/svg\"><path d=\"M450 75L338 312 88 350C46 354 25 417 58 450L238 633 196 896C188 942 238 975 275 954L500 837 725 954C767 975 813 942 804 896L763 633 942 450C975 417 954 358 913 350L663 312 550 75C529 33 471 33 450 75Z\"><\/path><\/svg>\t\t\t\t<\/div>\n\t\t\t<\/div>\n\t\t\t\t\t\t<\/div>\n\t\t<\/div>\n\t\t\t\t\t\t<\/div>\n\t\t\t\t<\/div>\n\t\t\t\t<\/div>\n\t\t<div class=\"elementor-element elementor-element-188ae49 e-flex e-con-boxed e-con e-parent\" data-id=\"188ae49\" data-element_type=\"container\" data-e-type=\"container\">\n\t\t\t\t\t<div class=\"e-con-inner\">\n\t\t\t\t<div class=\"elementor-element elementor-element-c3af02b elementor-button-success elementor-widget elementor-widget-button\" data-id=\"c3af02b\" data-element_type=\"widget\" data-e-type=\"widget\" data-widget_type=\"button.default\">\n\t\t\t\t<div class=\"elementor-widget-container\">\n\t\t\t\t\t\t\t\t\t<div class=\"elementor-button-wrapper\">\n\t\t\t\t\t<a class=\"elementor-button elementor-button-link elementor-size-sm\" href=\"#\">\n\t\t\t\t\t\t<span class=\"elementor-button-content-wrapper\">\n\t\t\t\t\t\t<span class=\"elementor-button-icon\">\n\t\t\t\t<svg aria-hidden=\"true\" class=\"e-font-icon-svg e-far-eye\" viewBox=\"0 0 576 512\" xmlns=\"http:\/\/www.w3.org\/2000\/svg\"><path d=\"M288 144a110.94 110.94 0 0 0-31.24 5 55.4 55.4 0 0 1 7.24 27 56 56 0 0 1-56 56 55.4 55.4 0 0 1-27-7.24A111.71 111.71 0 1 0 288 144zm284.52 97.4C518.29 135.59 410.93 64 288 64S57.68 135.64 3.48 241.41a32.35 32.35 0 0 0 0 29.19C57.71 376.41 165.07 448 288 448s230.32-71.64 284.52-177.41a32.35 32.35 0 0 0 0-29.19zM288 400c-98.65 0-189.09-55-237.93-144C98.91 167 189.34 112 288 112s189.09 55 237.93 144C477.1 345 386.66 400 288 400z\"><\/path><\/svg>\t\t\t<\/span>\n\t\t\t\t\t\t\t\t\t<span class=\"elementor-button-text\">Unidad B\u00e1sica de Rehabilitaci\u00f3n UBR<\/span>\n\t\t\t\t\t<\/span>\n\t\t\t\t\t<\/a>\n\t\t\t\t<\/div>\n\t\t\t\t\t\t\t\t<\/div>\n\t\t\t\t<\/div>\n\t\t\t\t<div class=\"elementor-element elementor-element-de26c57 elementor-widget elementor-widget-button\" data-id=\"de26c57\" data-element_type=\"widget\" data-e-type=\"widget\" data-widget_type=\"button.default\">\n\t\t\t\t<div class=\"elementor-widget-container\">\n\t\t\t\t\t\t\t\t\t<div class=\"elementor-button-wrapper\">\n\t\t\t\t\t<a class=\"elementor-button elementor-button-link elementor-size-sm\" href=\"#\">\n\t\t\t\t\t\t<span class=\"elementor-button-content-wrapper\">\n\t\t\t\t\t\t\t\t\t<span class=\"elementor-button-text\">Dispensario M\u00e9dico Azteca<\/span>\n\t\t\t\t\t<\/span>\n\t\t\t\t\t<\/a>\n\t\t\t\t<\/div>\n\t\t\t\t\t\t\t\t<\/div>\n\t\t\t\t<\/div>\n\t\t\t\t\t<\/div>\n\t\t\t\t<\/div>\n\t\t\t\t<\/div>\n\t\t","protected":false},"excerpt":{"rendered":"<p>DIRECTORIO B\u00c1SICO DIF TEMIXCO Unidad B\u00e1sica de Rehabilitaci\u00f3n UBRAv. Salvador Allende s\/n Col Rub\u00e9n Jaramillo.Tel: 7779932571 &#8211; 7779932551 Dispensario M\u00e9dico AztecaManuel \u00c1vila Camacho 6 Col.&hellip;<\/p>\n","protected":false},"author":1,"featured_media":0,"parent":25,"menu_order":0,"comment_status":"closed","ping_status":"closed","template":"","meta":{"footnotes":""},"class_list":["post-28","page","type-page","status-publish","hentry"],"yoast_head":"<!-- This site is optimized with the Yoast SEO plugin v27.4 - https:\/\/yoast.com\/product\/yoast-seo-wordpress\/ -->\n<title>Contacto - Sistema DIF Temixco<\/title>\n<meta name=\"robots\" content=\"index, follow, max-snippet:-1, max-image-preview:large, max-video-preview:-1\" \/>\n<link rel=\"canonical\" href=\"https:\/\/sistemadiftemixco.gob.mx\/?page_id=28\" \/>\n<meta property=\"og:locale\" content=\"es_ES\" \/>\n<meta property=\"og:type\" content=\"article\" \/>\n<meta property=\"og:title\" content=\"Contacto - Sistema DIF Temixco\" \/>\n<meta property=\"og:description\" content=\"DIRECTORIO B\u00c1SICO DIF TEMIXCO Unidad B\u00e1sica de Rehabilitaci\u00f3n UBRAv. Salvador Allende s\/n Col Rub\u00e9n Jaramillo.Tel: 7779932571 &#8211; 7779932551 Dispensario M\u00e9dico AztecaManuel \u00c1vila Camacho 6 Col.&hellip;\" \/>\n<meta property=\"og:url\" content=\"https:\/\/sistemadiftemixco.gob.mx\/?page_id=28\" \/>\n<meta property=\"og:site_name\" content=\"Sistema DIF Temixco\" \/>\n<meta property=\"article:modified_time\" content=\"2025-10-27T20:09:28+00:00\" \/>\n<meta name=\"twitter:card\" content=\"summary_large_image\" \/>\n<meta name=\"twitter:label1\" content=\"Tiempo de lectura\" \/>\n\t<meta name=\"twitter:data1\" content=\"1 minuto\" \/>\n<script type=\"application\/ld+json\" class=\"yoast-schema-graph\">{\"@context\":\"https:\\\/\\\/schema.org\",\"@graph\":[{\"@type\":\"WebPage\",\"@id\":\"https:\\\/\\\/sistemadiftemixco.gob.mx\\\/?page_id=28\",\"url\":\"https:\\\/\\\/sistemadiftemixco.gob.mx\\\/?page_id=28\",\"name\":\"Contacto - Sistema DIF Temixco\",\"isPartOf\":{\"@id\":\"https:\\\/\\\/sistemadiftemixco.gob.mx\\\/#website\"},\"datePublished\":\"2025-02-28T08:40:18+00:00\",\"dateModified\":\"2025-10-27T20:09:28+00:00\",\"breadcrumb\":{\"@id\":\"https:\\\/\\\/sistemadiftemixco.gob.mx\\\/?page_id=28#breadcrumb\"},\"inLanguage\":\"es\",\"potentialAction\":[{\"@type\":\"ReadAction\",\"target\":[\"https:\\\/\\\/sistemadiftemixco.gob.mx\\\/?page_id=28\"]}]},{\"@type\":\"BreadcrumbList\",\"@id\":\"https:\\\/\\\/sistemadiftemixco.gob.mx\\\/?page_id=28#breadcrumb\",\"itemListElement\":[{\"@type\":\"ListItem\",\"position\":1,\"name\":\"Portada\",\"item\":\"https:\\\/\\\/sistemadiftemixco.gob.mx\\\/\"},{\"@type\":\"ListItem\",\"position\":2,\"name\":\"Inicio\",\"item\":\"https:\\\/\\\/sistemadiftemixco.gob.mx\\\/\"},{\"@type\":\"ListItem\",\"position\":3,\"name\":\"Contacto\"}]},{\"@type\":\"WebSite\",\"@id\":\"https:\\\/\\\/sistemadiftemixco.gob.mx\\\/#website\",\"url\":\"https:\\\/\\\/sistemadiftemixco.gob.mx\\\/\",\"name\":\"Sistema DIF Temixco\",\"description\":\"Sistema Municipal para el Desarrollo Integral de la Familia de Temixco, Morelos.\",\"publisher\":{\"@id\":\"https:\\\/\\\/sistemadiftemixco.gob.mx\\\/#organization\"},\"potentialAction\":[{\"@type\":\"SearchAction\",\"target\":{\"@type\":\"EntryPoint\",\"urlTemplate\":\"https:\\\/\\\/sistemadiftemixco.gob.mx\\\/?s={search_term_string}\"},\"query-input\":{\"@type\":\"PropertyValueSpecification\",\"valueRequired\":true,\"valueName\":\"search_term_string\"}}],\"inLanguage\":\"es\"},{\"@type\":\"Organization\",\"@id\":\"https:\\\/\\\/sistemadiftemixco.gob.mx\\\/#organization\",\"name\":\"Sistema DIF Temixco\",\"url\":\"https:\\\/\\\/sistemadiftemixco.gob.mx\\\/\",\"logo\":{\"@type\":\"ImageObject\",\"inLanguage\":\"es\",\"@id\":\"https:\\\/\\\/sistemadiftemixco.gob.mx\\\/#\\\/schema\\\/logo\\\/image\\\/\",\"url\":\"https:\\\/\\\/sistemadiftemixco.gob.mx\\\/wp-content\\\/uploads\\\/2025\\\/02\\\/LOGO-DIF-TEMIXCO-HORIZONTAL-1-e1740751977120.png\",\"contentUrl\":\"https:\\\/\\\/sistemadiftemixco.gob.mx\\\/wp-content\\\/uploads\\\/2025\\\/02\\\/LOGO-DIF-TEMIXCO-HORIZONTAL-1-e1740751977120.png\",\"width\":150,\"height\":151,\"caption\":\"Sistema DIF Temixco\"},\"image\":{\"@id\":\"https:\\\/\\\/sistemadiftemixco.gob.mx\\\/#\\\/schema\\\/logo\\\/image\\\/\"}}]}<\/script>\n<!-- \/ Yoast SEO plugin. -->","yoast_head_json":{"title":"Contacto - Sistema DIF Temixco","robots":{"index":"index","follow":"follow","max-snippet":"max-snippet:-1","max-image-preview":"max-image-preview:large","max-video-preview":"max-video-preview:-1"},"canonical":"https:\/\/sistemadiftemixco.gob.mx\/?page_id=28","og_locale":"es_ES","og_type":"article","og_title":"Contacto - Sistema DIF Temixco","og_description":"DIRECTORIO B\u00c1SICO DIF TEMIXCO Unidad B\u00e1sica de Rehabilitaci\u00f3n UBRAv. Salvador Allende s\/n Col Rub\u00e9n Jaramillo.Tel: 7779932571 &#8211; 7779932551 Dispensario M\u00e9dico AztecaManuel \u00c1vila Camacho 6 Col.&hellip;","og_url":"https:\/\/sistemadiftemixco.gob.mx\/?page_id=28","og_site_name":"Sistema DIF Temixco","article_modified_time":"2025-10-27T20:09:28+00:00","twitter_card":"summary_large_image","twitter_misc":{"Tiempo de lectura":"1 minuto"},"schema":{"@context":"https:\/\/schema.org","@graph":[{"@type":"WebPage","@id":"https:\/\/sistemadiftemixco.gob.mx\/?page_id=28","url":"https:\/\/sistemadiftemixco.gob.mx\/?page_id=28","name":"Contacto - Sistema DIF Temixco","isPartOf":{"@id":"https:\/\/sistemadiftemixco.gob.mx\/#website"},"datePublished":"2025-02-28T08:40:18+00:00","dateModified":"2025-10-27T20:09:28+00:00","breadcrumb":{"@id":"https:\/\/sistemadiftemixco.gob.mx\/?page_id=28#breadcrumb"},"inLanguage":"es","potentialAction":[{"@type":"ReadAction","target":["https:\/\/sistemadiftemixco.gob.mx\/?page_id=28"]}]},{"@type":"BreadcrumbList","@id":"https:\/\/sistemadiftemixco.gob.mx\/?page_id=28#breadcrumb","itemListElement":[{"@type":"ListItem","position":1,"name":"Portada","item":"https:\/\/sistemadiftemixco.gob.mx\/"},{"@type":"ListItem","position":2,"name":"Inicio","item":"https:\/\/sistemadiftemixco.gob.mx\/"},{"@type":"ListItem","position":3,"name":"Contacto"}]},{"@type":"WebSite","@id":"https:\/\/sistemadiftemixco.gob.mx\/#website","url":"https:\/\/sistemadiftemixco.gob.mx\/","name":"Sistema DIF Temixco","description":"Sistema Municipal para el Desarrollo Integral de la Familia de Temixco, Morelos.","publisher":{"@id":"https:\/\/sistemadiftemixco.gob.mx\/#organization"},"potentialAction":[{"@type":"SearchAction","target":{"@type":"EntryPoint","urlTemplate":"https:\/\/sistemadiftemixco.gob.mx\/?s={search_term_string}"},"query-input":{"@type":"PropertyValueSpecification","valueRequired":true,"valueName":"search_term_string"}}],"inLanguage":"es"},{"@type":"Organization","@id":"https:\/\/sistemadiftemixco.gob.mx\/#organization","name":"Sistema DIF Temixco","url":"https:\/\/sistemadiftemixco.gob.mx\/","logo":{"@type":"ImageObject","inLanguage":"es","@id":"https:\/\/sistemadiftemixco.gob.mx\/#\/schema\/logo\/image\/","url":"https:\/\/sistemadiftemixco.gob.mx\/wp-content\/uploads\/2025\/02\/LOGO-DIF-TEMIXCO-HORIZONTAL-1-e1740751977120.png","contentUrl":"https:\/\/sistemadiftemixco.gob.mx\/wp-content\/uploads\/2025\/02\/LOGO-DIF-TEMIXCO-HORIZONTAL-1-e1740751977120.png","width":150,"height":151,"caption":"Sistema DIF Temixco"},"image":{"@id":"https:\/\/sistemadiftemixco.gob.mx\/#\/schema\/logo\/image\/"}}]}},"_links":{"self":[{"href":"https:\/\/sistemadiftemixco.gob.mx\/index.php?rest_route=\/wp\/v2\/pages\/28","targetHints":{"allow":["GET"]}}],"collection":[{"href":"https:\/\/sistemadiftemixco.gob.mx\/index.php?rest_route=\/wp\/v2\/pages"}],"about":[{"href":"https:\/\/sistemadiftemixco.gob.mx\/index.php?rest_route=\/wp\/v2\/types\/page"}],"author":[{"embeddable":true,"href":"https:\/\/sistemadiftemixco.gob.mx\/index.php?rest_route=\/wp\/v2\/users\/1"}],"replies":[{"embeddable":true,"href":"https:\/\/sistemadiftemixco.gob.mx\/index.php?rest_route=%2Fwp%2Fv2%2Fcomments&post=28"}],"version-history":[{"count":46,"href":"https:\/\/sistemadiftemixco.gob.mx\/index.php?rest_route=\/wp\/v2\/pages\/28\/revisions"}],"predecessor-version":[{"id":898,"href":"https:\/\/sistemadiftemixco.gob.mx\/index.php?rest_route=\/wp\/v2\/pages\/28\/revisions\/898"}],"up":[{"embeddable":true,"href":"https:\/\/sistemadiftemixco.gob.mx\/index.php?rest_route=\/wp\/v2\/pages\/25"}],"wp:attachment":[{"href":"https:\/\/sistemadiftemixco.gob.mx\/index.php?rest_route=%2Fwp%2Fv2%2Fmedia&parent=28"}],"curies":[{"name":"wp","href":"https:\/\/api.w.org\/{rel}","templated":true}]}}